{"id":66815,"date":"2023-12-19T11:18:48","date_gmt":"2023-12-19T11:18:48","guid":{"rendered":"https:\/\/www.celticthunder.com\/shop\/?post_type=product&#038;p=66815"},"modified":"2026-03-22T14:32:42","modified_gmt":"2026-03-22T14:32:42","slug":"celtic-woman-20th-anniversary-18-track-cd-pre-order","status":"publish","type":"product","link":"https:\/\/www.celticthunder.com\/shop\/product\/celtic-woman-20th-anniversary-18-track-cd-pre-order\/","title":{"rendered":"Celtic Woman in Concert 20th Anniversary Show 18 Track CD &#8221; See Video Trailer &#8220;"},"content":{"rendered":"<div id=\"shopify-section-header\" class=\"shopify-section\">\n<div data-section-type=\"header\">\n<div id=\"pageheader\">\n<div class=\"logo-area logo-pos- cf\">\n<div class=\"container\">\n<div class=\"logo\"><\/div>\n<\/div>\n<div class=\"util-area\">\n<div class=\"search-box elegant-input\">\n<p><iframe loading=\"lazy\" title=\"Celtic Woman 20th Anniversary Concert\" width=\"1020\" height=\"574\" src=\"https:\/\/www.youtube.com\/embed\/3FbWjR_tElk?feature=oembed&#038;enablejsapi=1&#038;origin=https:\/\/www.celticthunder.com\/shop\" frameborder=\"0\" allow=\"accelerometer; autoplay; clipboard-write; encrypted-media; gyroscope; picture-in-picture; web-share\" referrerpolicy=\"strict-origin-when-cross-origin\" allowfullscreen><\/iframe><\/p>\n<\/div>\n<div class=\"utils\"><span style=\"font-size: 140%;\"><strong>Celtic Woman + Special Guests 20th Anniversary Show 18 Track CD<br \/>\n<\/strong><\/span><\/div>\n<\/div>\n<div class=\"util-area\">\n<div><\/div>\n<div class=\"utils\"><strong style=\"font-size: 14.4px; color: #555555;\">Celtic Woman \u201c20th ANNIVERSARY 18 Track CD\u201d<\/strong><span style=\"font-size: 14.4px; color: #555555;\"> Features <\/span><strong style=\"font-size: 14.4px; color: #555555;\">18 brand new recordings<\/strong><span style=\"font-size: 14.4px; color: #555555;\">, and is the group\u2019s first new studio album since 2021\u2019s Postcards From Ireland. It features new arrangements of beautiful and iconic songs, some new compositions and of course some fan favourites, including You Raise Me Up &amp; The Parting Glass <\/span><span style=\"font-size: 115%;\"><strong>featuring<\/strong><strong>special guests Lisa Kelly, M\u00e1ir\u00e9ad Nesbitt, M\u00e9av N\u00ed Mhaolchatha and Chlo\u00eb Agnew, <\/strong><\/span><span style=\"font-size: 14.4px; color: #555555;\">accompanied by a robust ensemble that includes Irish dancers, bagpipers and a full band playing an array of traditional Celtic instruments, including bodhr\u00e1n, tin whistle, bouzouki and Uilleann pipes.<\/span><\/div>\n<\/div>\n<\/div>\n<\/div>\n<\/div>\n<\/div>\n<div id=\"content\">\n<div class=\"container cf\">\n<div id=\"shopify-section-product-template\" class=\"shopify-section\">\n<div data-section-type=\"product-template\">\n<div id=\"main-product-detail\" class=\"product-detail spaced-row container cf\">\n<div class=\"detail layout-column-half-right\">\n<div class=\"description user-content lightboximages\">\n<p><strong>Celtic Woman 20th Anniversary CD TRACKLISTING<\/strong><\/p>\n<ol>\n<li>Is Sinne Mn\u00e1 na h\u00c9ireann<\/li>\n<li>D\u00falam\u00e1n<\/li>\n<li>Rainbow<\/li>\n<li>Lay Your Head Down<\/li>\n<li>When You Believe<\/li>\n<li>I Know My Love<\/li>\n<li>Sionann (Shannon)<\/li>\n<li>Cinema Paradiso<\/li>\n<li>Tread Lightly<\/li>\n<li>Granuaile&#8217;s Dance<\/li>\n<li>Danny Boy<\/li>\n<li>Amazing Grace<\/li>\n<li>A St\u00f3r Mo Chro\u00ed<\/li>\n<li>T\u00e9ir Abhaile Ri\u00fa<\/li>\n<li>Caledonia<\/li>\n<li>An Cail\u00edn Dearg<\/li>\n<li>You Raise Me Up<\/li>\n<li>The Parting Glass<\/li>\n<\/ol>\n<\/div>\n<\/div>\n<\/div>\n<\/div>\n<\/div>\n<\/div>\n<\/div>\n","protected":false},"excerpt":{"rendered":"<p>Celtic Woman + Special Guests 20th Anniversary Show 18 Track CD Celtic Woman \u201c20th ANNIVERSARY 18 Track CD\u201d Features 18 brand new recordings, and is the group\u2019s first new studio album since 2021\u2019s Postcards From Ireland. It features new arrangements of beautiful and iconic songs, some new compositions and of course some fan favourites, including [&hellip;]\n","protected":false},"featured_media":66814,"template":"","meta":[],"product_brand":[],"product_cat":[21,120],"product_tag":[],"class_list":{"0":"post-66815","1":"product","2":"type-product","3":"status-publish","4":"has-post-thumbnail","6":"product_cat-cds","7":"product_cat-other-artists","8":"product_shipping_class-dvd-cd-bundles","10":"first","11":"onbackorder","12":"taxable","13":"shipping-taxable","14":"purchasable","15":"product-type-simple"},"_links":{"self":[{"href":"https:\/\/www.celticthunder.com\/shop\/wp-json\/wp\/v2\/product\/66815","targetHints":{"allow":["GET"]}}],"collection":[{"href":"https:\/\/www.celticthunder.com\/shop\/wp-json\/wp\/v2\/product"}],"about":[{"href":"https:\/\/www.celticthunder.com\/shop\/wp-json\/wp\/v2\/types\/product"}],"wp:featuredmedia":[{"embeddable":true,"href":"https:\/\/www.celticthunder.com\/shop\/wp-json\/wp\/v2\/media\/66814"}],"wp:attachment":[{"href":"https:\/\/www.celticthunder.com\/shop\/wp-json\/wp\/v2\/media?parent=66815"}],"wp:term":[{"taxonomy":"product_brand","embeddable":true,"href":"https:\/\/www.celticthunder.com\/shop\/wp-json\/wp\/v2\/product_brand?post=66815"},{"taxonomy":"product_cat","embeddable":true,"href":"https:\/\/www.celticthunder.com\/shop\/wp-json\/wp\/v2\/product_cat?post=66815"},{"taxonomy":"product_tag","embeddable":true,"href":"https:\/\/www.celticthunder.com\/shop\/wp-json\/wp\/v2\/product_tag?post=66815"}],"curies":[{"name":"wp","href":"https:\/\/api.w.org\/{rel}","templated":true}]}}