{"id":66809,"date":"2023-12-19T10:49:41","date_gmt":"2023-12-19T10:49:41","guid":{"rendered":"https:\/\/www.celticthunder.com\/shop\/?post_type=product&#038;p=66809"},"modified":"2026-01-24T00:10:49","modified_gmt":"2026-01-24T00:10:49","slug":"celtic-woman-20th-anniversary-show-21-track-dvd-pre-order","status":"publish","type":"product","link":"https:\/\/www.celticthunder.com\/shop\/product\/celtic-woman-20th-anniversary-show-21-track-dvd-pre-order\/","title":{"rendered":"Celtic Woman + Special Guests 20th Anniversary Show  21 Track DVD"},"content":{"rendered":"<div>\n<p><iframe loading=\"lazy\" title=\"Celtic Woman 20th Anniversary Concert\" width=\"1020\" height=\"574\" src=\"https:\/\/www.youtube.com\/embed\/3FbWjR_tElk?feature=oembed&#038;enablejsapi=1&#038;origin=https:\/\/www.celticthunder.com\/shop\" frameborder=\"0\" allow=\"accelerometer; autoplay; clipboard-write; encrypted-media; gyroscope; picture-in-picture; web-share\" referrerpolicy=\"strict-origin-when-cross-origin\" allowfullscreen><\/iframe><\/p>\n<p><strong><span style=\"font-size: 140%;\"><em style=\"color: #555555;\">New Celtic Woman + Special Guests 20th Anniversary Show 21 Track DVD<\/em><\/span><\/strong><\/p>\n<\/div>\n<div class=\"\">\n<p><span style=\"font-size: 115%;\"><strong>\u201c20th ANNIVERSARY\u201d<\/strong> &#8211; the DVD &#8211; features 21 songs Filmed Live at The Helix Theatre in Dublin, It takes fans on a journey back to where it all began 20 years ago (and in the very same theatre). The <strong>DVD features appearances<\/strong> from four very special guests &#8211; <strong>original members Lisa, M\u00e1ir\u00e9ad Nesbitt, M\u00e9av and Chlo\u00eb<\/strong> &#8212; who join Celtic Woman for this wonderful show special packed with emotional and heart stirring performances, accompanied by a robust ensemble that <strong>includes Irish dancers, bagpipers and a full band playing an array of traditional Celtic instruments, including bodhr\u00e1n, tin whistle, bouzouki and Uilleann pipes.<\/strong><\/span><\/p>\n<\/div>\n<p><span style=\"font-size: 130%;\"><strong>There is also an Accompanying CD<\/strong><\/span><\/p>\n<div class=\"\">\n<h3>Show Dvd Track Listing<\/h3>\n<\/div>\n<div class=\"\">\n<ol>\n<li>Is Sinne Mn\u00e1 na h\u00c9ireann<\/li>\n<li>D\u00falam\u00e1n<\/li>\n<li>Rainbow<\/li>\n<li>Lay Your Head Down<\/li>\n<li>Dawning of the Day<\/li>\n<li>When You Believe<\/li>\n<li>Sionann (Shannon)<\/li>\n<li>Cinema Paradiso<\/li>\n<li>An Cail\u00edn Dearg<\/li>\n<li>I Know My Love<\/li>\n<li>Tread Lightly<\/li>\n<li>Granuaile\u2019s Dance<\/li>\n<li>Danny Boy<\/li>\n<li>Amazing Grace<\/li>\n<li>A St\u00f3r Mo Chro\u00ed<\/li>\n<li>T\u00e9ir Abhaile Ri\u00fa<\/li>\n<li>Caledonia<\/li>\n<li>You Raise Me Up<\/li>\n<li>The Parting Glass<\/li>\n<li>Mise \u00c9ire<\/li>\n<li>Wild Mountain Thyme<\/li>\n<\/ol>\n<\/div>\n","protected":false},"excerpt":{"rendered":"<p>New Celtic Woman + Special Guests 20th Anniversary Show 21 Track DVD \u201c20th ANNIVERSARY\u201d &#8211; the DVD &#8211; features 21 songs Filmed Live at The Helix Theatre in Dublin, It takes fans on a journey back to where it all began 20 years ago (and in the very same theatre). The DVD features appearances from [&hellip;]\n","protected":false},"featured_media":66813,"template":"","meta":[],"product_brand":[],"product_cat":[22,600],"product_tag":[],"class_list":{"0":"post-66809","1":"product","2":"type-product","3":"status-publish","4":"has-post-thumbnail","6":"product_cat-dvds","7":"product_cat-other-artists-dvds","8":"product_shipping_class-8-04","10":"first","11":"onbackorder","12":"taxable","13":"shipping-taxable","14":"purchasable","15":"product-type-simple"},"_links":{"self":[{"href":"https:\/\/www.celticthunder.com\/shop\/wp-json\/wp\/v2\/product\/66809","targetHints":{"allow":["GET"]}}],"collection":[{"href":"https:\/\/www.celticthunder.com\/shop\/wp-json\/wp\/v2\/product"}],"about":[{"href":"https:\/\/www.celticthunder.com\/shop\/wp-json\/wp\/v2\/types\/product"}],"wp:featuredmedia":[{"embeddable":true,"href":"https:\/\/www.celticthunder.com\/shop\/wp-json\/wp\/v2\/media\/66813"}],"wp:attachment":[{"href":"https:\/\/www.celticthunder.com\/shop\/wp-json\/wp\/v2\/media?parent=66809"}],"wp:term":[{"taxonomy":"product_brand","embeddable":true,"href":"https:\/\/www.celticthunder.com\/shop\/wp-json\/wp\/v2\/product_brand?post=66809"},{"taxonomy":"product_cat","embeddable":true,"href":"https:\/\/www.celticthunder.com\/shop\/wp-json\/wp\/v2\/product_cat?post=66809"},{"taxonomy":"product_tag","embeddable":true,"href":"https:\/\/www.celticthunder.com\/shop\/wp-json\/wp\/v2\/product_tag?post=66809"}],"curies":[{"name":"wp","href":"https:\/\/api.w.org\/{rel}","templated":true}]}}