{"id":50612,"date":"2021-01-28T11:59:38","date_gmt":"2021-01-28T11:59:38","guid":{"rendered":"https:\/\/www.celticthunder.com\/shop\/?post_type=product&#038;p=50612"},"modified":"2023-06-04T09:14:55","modified_gmt":"2023-06-04T09:14:55","slug":"pope-francis-songs-of-love-hope-inspiration","status":"publish","type":"product","link":"https:\/\/www.celticthunder.com\/shop\/product\/pope-francis-songs-of-love-hope-inspiration\/","title":{"rendered":"Pope Francis &#8211; Songs of Love Hope &amp; Inspiration"},"content":{"rendered":"<h3 title=\"Page 1\"><strong>Pope Francis &#8211; Songs of Love Hope &amp; Inspiration<\/strong><\/h3>\n<div title=\"Page 1\"><\/div>\n<h3 class=\"page\" title=\"Page 1\"><em><strong>This inspirational album includes many of Ireland\u2019s best loved musicians and singers together with The St. James\u2019s Choir, The Samaru Choir from Nigeria and The Palestrina Choir, St. Mary\u2019s Pro Cathedral, Dublin. It features a unique mix of traditional and contemporary hymns, classic songs and spiritual anthems.<\/strong><\/em><\/h3>\n<div class=\"page\" title=\"Page 1\">\n<div class=\"section\">\n<div class=\"layoutArea\">\n<div class=\"column\">\n<h3><em><strong>An uplifting collection to celebrate the historic visit to Ireland of Pope Francis &#8211; pilgrim of hope, love and compassion.<\/strong><\/em><\/h3>\n<h3><\/h3>\n<\/div>\n<p><em><strong>1. Be Not Afraid &#8211; Red Hurley (featuring The Samaru Choir)<\/strong><\/em><br \/>\n<em><strong>2. Via Dolorosa &#8211; Melanie McCabe<\/strong><\/em><br \/>\n<em><strong>3. You Raise Me Up &#8211; Tony Kenny<\/strong><\/em><br \/>\n<em><strong>4. Bright Blue Rose &#8211; The O\u2019Neill Sisters<\/strong><\/em><br \/>\n<em><strong>5. Queen of The May &#8211; The Palestrina Choir, St. Mary\u2019s Pro Cathedral, Dublin<\/strong><\/em><br \/>\n<em><strong>6. From A Distance &#8211; Tony Kenny<\/strong><\/em><br \/>\n<em><strong>7. B\u00ed, a \u00cdosa, Im Chro\u00edse &#8211; Margaret Brennan<\/strong><\/em><br \/>\n<em><strong>8. Steal Away &#8211; St. James\u2019s Choir<\/strong><\/em><br \/>\n<em><strong>9. St. Therese of The Roses &#8211; Sean Dunphy<\/strong><\/em><br \/>\n<em><strong>10. You\u2019ll Never Walk Alone &#8211; The O\u2019Neill Sisters<\/strong><\/em><br \/>\n<em><strong>11. Ave Maria &#8211; The Celtic Tenors<\/strong><\/em><br \/>\n<em><strong>12. Song of Bernadette &#8211; Tony Kenny (with Catherine Coates)<\/strong><\/em><br \/>\n<em><strong>13. Panis Angelicus &#8211; St. James\u2019s Choir with Niamh Murray<\/strong><\/em><br \/>\n<em><strong>14. Dance With My Fathger &#8211; Tony Jones<\/strong><\/em><br \/>\n<em><strong>15. Ag Chr\u00edost An S\u00edol &#8211; The Palestrina Choir, St. Mary\u2019s Pro Cathedral, Dublin<\/strong><\/em><br \/>\n<em><strong>16. Going Home &#8211; Brendan Bowyer<\/strong><\/em><\/p>\n<p><em><strong>Bonus Track<\/strong><\/em><br \/>\n<em><strong>Lady of Knock &#8211; Margaret Brennan<\/strong><\/em><\/p>\n<\/div>\n<\/div>\n<\/div>\n","protected":false},"excerpt":{"rendered":"<p>Pope Francis &#8211; Songs of Love Hope &amp; Inspiration This inspirational album includes many of Ireland\u2019s best loved musicians and singers together with The St. James\u2019s Choir, The Samaru Choir from Nigeria and The Palestrina Choir, St. Mary\u2019s Pro Cathedral, Dublin. It features a unique mix of traditional and contemporary hymns, classic songs and spiritual [&hellip;]\n","protected":false},"featured_media":50613,"template":"","meta":[],"product_brand":[],"product_cat":[21,120],"product_tag":[],"class_list":{"0":"post-50612","1":"product","2":"type-product","3":"status-publish","4":"has-post-thumbnail","6":"product_cat-cds","7":"product_cat-other-artists","8":"product_shipping_class-dvds-ship","10":"first","11":"onbackorder","12":"taxable","13":"shipping-taxable","14":"purchasable","15":"product-type-simple"},"_links":{"self":[{"href":"https:\/\/www.celticthunder.com\/shop\/wp-json\/wp\/v2\/product\/50612","targetHints":{"allow":["GET"]}}],"collection":[{"href":"https:\/\/www.celticthunder.com\/shop\/wp-json\/wp\/v2\/product"}],"about":[{"href":"https:\/\/www.celticthunder.com\/shop\/wp-json\/wp\/v2\/types\/product"}],"wp:featuredmedia":[{"embeddable":true,"href":"https:\/\/www.celticthunder.com\/shop\/wp-json\/wp\/v2\/media\/50613"}],"wp:attachment":[{"href":"https:\/\/www.celticthunder.com\/shop\/wp-json\/wp\/v2\/media?parent=50612"}],"wp:term":[{"taxonomy":"product_brand","embeddable":true,"href":"https:\/\/www.celticthunder.com\/shop\/wp-json\/wp\/v2\/product_brand?post=50612"},{"taxonomy":"product_cat","embeddable":true,"href":"https:\/\/www.celticthunder.com\/shop\/wp-json\/wp\/v2\/product_cat?post=50612"},{"taxonomy":"product_tag","embeddable":true,"href":"https:\/\/www.celticthunder.com\/shop\/wp-json\/wp\/v2\/product_tag?post=50612"}],"curies":[{"name":"wp","href":"https:\/\/api.w.org\/{rel}","templated":true}]}}