{"id":46061,"date":"2020-09-18T12:41:39","date_gmt":"2020-09-18T12:41:39","guid":{"rendered":"https:\/\/www.celticthunder.com\/shop\/?post_type=product&#038;p=46061"},"modified":"2026-03-26T16:49:45","modified_gmt":"2026-03-26T16:49:45","slug":"celtic-womans-anthony-byrne-celtic-piper-instrumental-cd","status":"publish","type":"product","link":"https:\/\/www.celticthunder.com\/shop\/product\/celtic-womans-anthony-byrne-celtic-piper-instrumental-cd\/","title":{"rendered":"Celtic Woman&#8217;s Anthony Byrne &#8211; Celtic Piper Instrumental CD"},"content":{"rendered":"<h2><em>Celtic Woman&#8217;s Anthony Byrne &#8211; Celtic Piper Instrumental CD<\/em><\/h2>\n<h3><em>Anthony Byrne\u2019s \u2018Celtic Piper\u2019 is an instrumental solo album release for the piper best known for his performances with Celtic Woman. Featuring <strong>The Irish Marches<\/strong> and <strong>Amazing Grace<\/strong><\/em><\/h3>\n<p><strong>1. The Moving Cloud (Instrumental)<\/strong><\/p>\n<h3><strong> 2. Irish Marches (Instrumental)<\/strong><\/h3>\n<h3><strong> 3. The Jig Mix (Instrumental)<\/strong><\/h3>\n<h3><strong> 4. The Sleeping Tune (Instrumental)<\/strong><\/h3>\n<h3><strong> 5. Four Reels (Instrumental)<\/strong><\/h3>\n<h3><strong> 6. Last Tango in Harris (Instrumental)<\/strong><\/h3>\n<h3><strong> 7. The Green Monster (Instrumental)<\/strong><\/h3>\n<h3><strong> 8. Ar \u00e9ireann N\u00ed Neosainn C\u00e9 H\u00ed (Instrumental)<\/strong><\/h3>\n<h3><strong> 9. The Big Ship (Instrumental) <\/strong><\/h3>\n<h3><strong>10. Glasgow Week in Hamburg (Instrumental)<\/strong><\/h3>\n<h3><strong> 11. Amazing Grace (Instrume<\/strong><\/h3>\n","protected":false},"excerpt":{"rendered":"<p>Celtic Woman&#8217;s Anthony Byrne &#8211; Celtic Piper Instrumental CD Anthony Byrne\u2019s \u2018Celtic Piper\u2019 is an instrumental solo album release for the piper best known for his performances with Celtic Woman. Featuring The Irish Marches and Amazing Grace 1. The Moving Cloud (Instrumental) 2. Irish Marches (Instrumental) 3. The Jig Mix (Instrumental) 4. The Sleeping Tune [&hellip;]\n","protected":false},"featured_media":46062,"template":"","meta":[],"product_brand":[],"product_cat":[21,120],"product_tag":[],"class_list":{"0":"post-46061","1":"product","2":"type-product","3":"status-publish","4":"has-post-thumbnail","6":"product_cat-cds","7":"product_cat-other-artists","8":"product_shipping_class-dvds-ship","10":"first","11":"onbackorder","12":"taxable","13":"shipping-taxable","14":"purchasable","15":"product-type-simple"},"_links":{"self":[{"href":"https:\/\/www.celticthunder.com\/shop\/wp-json\/wp\/v2\/product\/46061","targetHints":{"allow":["GET"]}}],"collection":[{"href":"https:\/\/www.celticthunder.com\/shop\/wp-json\/wp\/v2\/product"}],"about":[{"href":"https:\/\/www.celticthunder.com\/shop\/wp-json\/wp\/v2\/types\/product"}],"wp:featuredmedia":[{"embeddable":true,"href":"https:\/\/www.celticthunder.com\/shop\/wp-json\/wp\/v2\/media\/46062"}],"wp:attachment":[{"href":"https:\/\/www.celticthunder.com\/shop\/wp-json\/wp\/v2\/media?parent=46061"}],"wp:term":[{"taxonomy":"product_brand","embeddable":true,"href":"https:\/\/www.celticthunder.com\/shop\/wp-json\/wp\/v2\/product_brand?post=46061"},{"taxonomy":"product_cat","embeddable":true,"href":"https:\/\/www.celticthunder.com\/shop\/wp-json\/wp\/v2\/product_cat?post=46061"},{"taxonomy":"product_tag","embeddable":true,"href":"https:\/\/www.celticthunder.com\/shop\/wp-json\/wp\/v2\/product_tag?post=46061"}],"curies":[{"name":"wp","href":"https:\/\/api.w.org\/{rel}","templated":true}]}}