{"id":45801,"date":"2020-09-07T16:44:17","date_gmt":"2020-09-07T16:44:17","guid":{"rendered":"https:\/\/www.celticthunder.com\/shop\/?post_type=product&#038;p=45801"},"modified":"2025-06-20T20:47:32","modified_gmt":"2025-06-20T20:47:32","slug":"celtic-woman-songs-from-the-heart-2","status":"publish","type":"product","link":"https:\/\/www.celticthunder.com\/shop\/product\/celtic-woman-songs-from-the-heart-2\/","title":{"rendered":"Celtic Woman Songs From The Heart"},"content":{"rendered":"<h3><strong>Celtic Woman Songs From The Heart <\/strong><\/h3>\n<h3><strong>Celtic Woman&#8217;s &#8216;Songs from the Heart&#8217; is the the group&#8217;s fifth studio album. The performers on this album are vocalists Chlo\u00eb Agnew, Lynn Hilary, Lisa Kelly, Alex Sharpe and fiddler M\u00e1ir\u00e9ad Nesbitt.The music and follow up DVD footage were filmed at the Powerscourt Estate in County Wicklow, Ireland. The album has a romantic theme and the quality of a Celtic Woman production.<\/strong><\/h3>\n<p>1. Fields Of Gold<\/p>\n<p>2. Amazing Grace<\/p>\n<p>3. N\u00edl S\u00e9&#8217;n L\u00e1<\/p>\n<p>4. My Lagan Love<\/p>\n<p>5. When You Believe<\/p>\n<p>6. The New Ground<\/p>\n<p>7. Isle Of Hope, Isle Of Tears<\/p>\n<p>8. The Coast Of Gali\u00e7ia<\/p>\n<p>9. Non C&#8217;\u00e8 Pi\u00f9<\/p>\n<p>10. The Moon&#8217;s A Harsh Mistress<\/p>\n<p>11. You&#8217;ll Be In My Heart<\/p>\n<p>12. Goodnight My Angel<\/p>\n<p>13. Galway Bay<\/p>\n<p>14. The Lost Rose Fantasia<\/p>\n<p>15. O, America!<\/p>\n","protected":false},"excerpt":{"rendered":"<p>Celtic Woman Songs From The Heart Celtic Woman&#8217;s &#8216;Songs from the Heart&#8217; is the the group&#8217;s fifth studio album. The performers on this album are vocalists Chlo\u00eb Agnew, Lynn Hilary, Lisa Kelly, Alex Sharpe and fiddler M\u00e1ir\u00e9ad Nesbitt.The music and follow up DVD footage were filmed at the Powerscourt Estate in County Wicklow, Ireland. The [&hellip;]\n","protected":false},"featured_media":45802,"template":"","meta":[],"product_brand":[],"product_cat":[21,120],"product_tag":[],"class_list":{"0":"post-45801","1":"product","2":"type-product","3":"status-publish","4":"has-post-thumbnail","6":"product_cat-cds","7":"product_cat-other-artists","8":"product_shipping_class-dvds-ship","10":"first","11":"instock","12":"taxable","13":"shipping-taxable","14":"purchasable","15":"product-type-simple"},"_links":{"self":[{"href":"https:\/\/www.celticthunder.com\/shop\/wp-json\/wp\/v2\/product\/45801","targetHints":{"allow":["GET"]}}],"collection":[{"href":"https:\/\/www.celticthunder.com\/shop\/wp-json\/wp\/v2\/product"}],"about":[{"href":"https:\/\/www.celticthunder.com\/shop\/wp-json\/wp\/v2\/types\/product"}],"wp:featuredmedia":[{"embeddable":true,"href":"https:\/\/www.celticthunder.com\/shop\/wp-json\/wp\/v2\/media\/45802"}],"wp:attachment":[{"href":"https:\/\/www.celticthunder.com\/shop\/wp-json\/wp\/v2\/media?parent=45801"}],"wp:term":[{"taxonomy":"product_brand","embeddable":true,"href":"https:\/\/www.celticthunder.com\/shop\/wp-json\/wp\/v2\/product_brand?post=45801"},{"taxonomy":"product_cat","embeddable":true,"href":"https:\/\/www.celticthunder.com\/shop\/wp-json\/wp\/v2\/product_cat?post=45801"},{"taxonomy":"product_tag","embeddable":true,"href":"https:\/\/www.celticthunder.com\/shop\/wp-json\/wp\/v2\/product_tag?post=45801"}],"curies":[{"name":"wp","href":"https:\/\/api.w.org\/{rel}","templated":true}]}}