{"id":43052,"date":"2020-05-29T12:29:28","date_gmt":"2020-05-29T12:29:28","guid":{"rendered":"https:\/\/www.celticthunder.com\/shop\/?post_type=product&#038;p=43052"},"modified":"2025-06-24T05:10:12","modified_gmt":"2025-06-24T05:10:12","slug":"celtic-woman-greatest-journey-essential-collection","status":"publish","type":"product","link":"https:\/\/www.celticthunder.com\/shop\/product\/celtic-woman-greatest-journey-essential-collection\/","title":{"rendered":"Celtic Woman Greatest Journey Essential Collection 26 Track DVD"},"content":{"rendered":"<h3><em><strong>Celtic Woman Greatest Journey Essential Collection<\/strong><\/em><\/h3>\n<h3><em><strong>Celtic Woman\u2019s \u2018The Greatest Journey Essential Collection.\u2019 DVD was released in 2008 and features all the tracks most associated with Celtic Woman. This is a definitive collection of the best of Celtic Woman up to the time of release and includes \u2018Harry\u2019s Game\u2019, \u2018Danny Boy\u2019 and many other favourites. This essential collection of beloved and memorable songs features vocalists Lisa Kelly, Chlo\u00eb Agnew, \u00d3rla Fallon, M\u00e9av Ni Mhaolchatha, Lynn Hilary, Alex Sharpe and Hayley Westenra and fiddler M\u00e1ir\u00e9ad Nesbitt. More than 25 of their best-loved songs are featured. The DVD also includes behind-the-scenes documentary footage sure to interest fans. All Celtic Woman DVD releases are unrated and all region.<\/strong><\/em><\/h3>\n<p><em><strong>1. Mo Ghile Mear<\/strong><\/em><\/p>\n<h3><em><strong> 2. The Prayer<\/strong><\/em><\/h3>\n<h3><em><strong> 3. Harry\u2019s Game<\/strong><\/em><\/h3>\n<h3><em><strong> 4. The Butterfly<\/strong><\/em><\/h3>\n<h3><em><strong> 5. Green The Whole Year Round<\/strong><\/em><\/h3>\n<h3><em><strong> 6. Walking In The Air<\/strong><\/em><\/h3>\n<h3><em><strong> 7. Danny Boy<\/strong><\/em><\/h3>\n<h3><em><strong> 8. The Voice<\/strong><\/em><\/h3>\n<h3><em><strong> 9. Scarborough Fair <\/strong><\/em><\/h3>\n<h3><em><strong>10. Granuaile\u2019s Dance<\/strong><\/em><\/h3>\n<h3><em><strong> 11. Isle of Inisfree<\/strong><\/em><\/h3>\n<h3><em><strong> 12. Sing Out!<\/strong><\/em><\/h3>\n<h3><em><strong> 13. Over the Rainbow <\/strong><\/em><\/h3>\n<h3><em><strong>14. The Sky And The Dawn And The Sun<\/strong><\/em><\/h3>\n<h3><em><strong> 15. May It Be<\/strong><\/em><\/h3>\n<h3><em><strong> 16. One World<\/strong><\/em><\/h3>\n<h3><em><strong> 17. D\u00falaman<\/strong><\/em><\/h3>\n<h3><em><strong> 18. Newgrange<\/strong><\/em><\/h3>\n<h3><em><strong> 19. At the Ceili<\/strong><\/em><\/h3>\n<h3><em><strong> 20. Shenandoah: The Contradiction<\/strong><\/em><\/h3>\n<h3><em><strong> 21. Caledonia<\/strong><\/em><\/h3>\n<h3><em><strong> 22. Somewhere<\/strong><\/em><\/h3>\n<h3><em><strong> 23. The Soft Goodbye<\/strong><\/em><\/h3>\n<h3><em><strong> 24. Nella Fantasia<\/strong><\/em><\/h3>\n<h3><em><strong> 25. Spanish Lady<\/strong><\/em><\/h3>\n<h3><em><strong> 26. You Raise Me Up<\/strong><\/em><\/h3>\n<p>&nbsp;<\/p>\n","protected":false},"excerpt":{"rendered":"<p>Celtic Woman Greatest Journey Essential Collection Celtic Woman\u2019s \u2018The Greatest Journey Essential Collection.\u2019 DVD was released in 2008 and features all the tracks most associated with Celtic Woman. This is a definitive collection of the best of Celtic Woman up to the time of release and includes \u2018Harry\u2019s Game\u2019, \u2018Danny Boy\u2019 and many other favourites. [&hellip;]\n","protected":false},"featured_media":43053,"template":"","meta":[],"product_brand":[],"product_cat":[22,600],"product_tag":[],"class_list":{"0":"post-43052","1":"product","2":"type-product","3":"status-publish","4":"has-post-thumbnail","6":"product_cat-dvds","7":"product_cat-other-artists-dvds","8":"product_shipping_class-8-04","10":"first","11":"instock","12":"taxable","13":"shipping-taxable","14":"purchasable","15":"product-type-simple"},"_links":{"self":[{"href":"https:\/\/www.celticthunder.com\/shop\/wp-json\/wp\/v2\/product\/43052","targetHints":{"allow":["GET"]}}],"collection":[{"href":"https:\/\/www.celticthunder.com\/shop\/wp-json\/wp\/v2\/product"}],"about":[{"href":"https:\/\/www.celticthunder.com\/shop\/wp-json\/wp\/v2\/types\/product"}],"wp:featuredmedia":[{"embeddable":true,"href":"https:\/\/www.celticthunder.com\/shop\/wp-json\/wp\/v2\/media\/43053"}],"wp:attachment":[{"href":"https:\/\/www.celticthunder.com\/shop\/wp-json\/wp\/v2\/media?parent=43052"}],"wp:term":[{"taxonomy":"product_brand","embeddable":true,"href":"https:\/\/www.celticthunder.com\/shop\/wp-json\/wp\/v2\/product_brand?post=43052"},{"taxonomy":"product_cat","embeddable":true,"href":"https:\/\/www.celticthunder.com\/shop\/wp-json\/wp\/v2\/product_cat?post=43052"},{"taxonomy":"product_tag","embeddable":true,"href":"https:\/\/www.celticthunder.com\/shop\/wp-json\/wp\/v2\/product_tag?post=43052"}],"curies":[{"name":"wp","href":"https:\/\/api.w.org\/{rel}","templated":true}]}}