{"id":17274,"date":"2017-11-29T18:56:20","date_gmt":"2017-11-29T18:56:20","guid":{"rendered":"https:\/\/www.celticthunder.com\/shop\/?post_type=product&#038;p=17274"},"modified":"2025-12-09T17:31:00","modified_gmt":"2025-12-09T17:31:00","slug":"celtic-woman-best-christmas-cd-new-release","status":"publish","type":"product","link":"https:\/\/www.celticthunder.com\/shop\/product\/celtic-woman-best-christmas-cd-new-release\/","title":{"rendered":"Celtic Woman The Best of Christmas Cd"},"content":{"rendered":"<h3><strong>CELTIC WOMAN THE BEST OF CHRISTMAS 20 TRACK CD.<\/strong><\/h3>\n<h3><strong>This Beautiful Album Features 20 of Your Favourite Holiday Classics from the original Celtic Woman Principals<\/strong><\/h3>\n<h3><strong>Chloe, Lisa, Orla, Mairead, M\u00e9av and the Newer Principals Tara, Susan, Lisa &amp; \u00c9abha.<\/strong><\/h3>\n<h3><strong>A fantastic collection of Celtic Woman Voices.<br \/>\nThe Celtic Thunder Online Store Guarantees you are buying authentic products and we ship worldwide.<\/strong><\/h3>\n<p>&nbsp;<\/p>\n<div class=\"page\" title=\"Page 2\">\n<table>\n<colgroup>\n<col \/>\n<col \/> <\/colgroup>\n<tbody>\n<tr>\n<td>\n<div class=\"layoutArea\">\n<div class=\"column\">\n<p>1. Ding Dong Merrily On High<\/p>\n<\/div>\n<\/div>\n<\/td>\n<td>\n<div class=\"layoutArea\">\n<div class=\"column\">\n<p>Chloe, Orla, Lisa Kelly, Mairead Nesbitt, Meav<\/p>\n<\/div>\n<\/div>\n<\/td>\n<\/tr>\n<tr>\n<td>\n<div class=\"layoutArea\">\n<div class=\"column\">\n<p>2. Carol Of The Bells<\/p>\n<\/div>\n<\/div>\n<\/td>\n<td>\n<div class=\"layoutArea\">\n<div class=\"column\">\n<p>Mairead Nesbitt<\/p>\n<\/div>\n<\/div>\n<\/td>\n<\/tr>\n<tr>\n<td>\n<div class=\"layoutArea\">\n<div class=\"column\">\n<p>3. Joy to the World<\/p>\n<\/div>\n<\/div>\n<\/td>\n<td>\n<div class=\"layoutArea\">\n<div class=\"column\">\n<p>\u00c9abha, M\u00e1ir\u00e9ad, Susan. Fiddle Tara.<\/p>\n<\/div>\n<\/div>\n<\/td>\n<\/tr>\n<tr>\n<td>\n<div class=\"layoutArea\">\n<div class=\"column\">\n<p>4. We Three Kings<\/p>\n<\/div>\n<\/div>\n<\/td>\n<td>\n<div class=\"layoutArea\">\n<div class=\"column\">\n<p>Lisa Lambe, Chloe, Meav<\/p>\n<\/div>\n<\/div>\n<\/td>\n<\/tr>\n<tr>\n<td>\n<div class=\"layoutArea\">\n<div class=\"column\">\n<p>5. Have Yourse lf A Merry Little Christmas<\/p>\n<\/div>\n<\/div>\n<\/td>\n<td>\n<div class=\"layoutArea\">\n<div class=\"column\">\n<p>Chloe, Orla, Lisa Kelly, Mairead Nesbitt, Meav<\/p>\n<\/div>\n<\/div>\n<\/td>\n<\/tr>\n<tr>\n<td>\n<div class=\"layoutArea\">\n<div class=\"column\">\n<p>6. O Holy Night<\/p>\n<\/div>\n<\/div>\n<\/td>\n<td>\n<div class=\"layoutArea\">\n<div class=\"column\">\n<p>Chloe, Orla, Lisa Kelly, Mairead Nesbitt, Meav<\/p>\n<\/div>\n<\/div>\n<\/td>\n<\/tr>\n<tr>\n<td>\n<div class=\"layoutArea\">\n<div class=\"column\">\n<p>7. White Christmas<\/p>\n<\/div>\n<\/div>\n<\/td>\n<td>\n<div class=\"layoutArea\">\n<div class=\"column\">\n<p>Chloe, Lisa Kelly, Meav<\/p>\n<\/div>\n<\/div>\n<\/td>\n<\/tr>\n<tr>\n<td>\n<div class=\"layoutArea\">\n<div class=\"column\">\n<p>8. Santa Claus Is Coming To Town<\/p>\n<\/div>\n<\/div>\n<\/td>\n<td>\n<div class=\"layoutArea\">\n<div class=\"column\">\n<p>Chloe, Mairead Nesbitt<\/p>\n<\/div>\n<\/div>\n<\/td>\n<\/tr>\n<tr>\n<td>\n<div class=\"layoutArea\">\n<div class=\"column\">\n<p>9. I&#8217;ll Be Home For Christm as<\/p>\n<\/div>\n<\/div>\n<\/td>\n<td>\n<div class=\"layoutArea\">\n<div class=\"column\">\n<p>Lisa Lambe, Chloe, Meav<\/p>\n<\/div>\n<\/div>\n<\/td>\n<\/tr>\n<tr>\n<td>\n<div class=\"layoutArea\">\n<div class=\"column\">\n<p>10. Silent Night<\/p>\n<\/div>\n<\/div>\n<\/td>\n<td>\n<div class=\"layoutArea\">\n<div class=\"column\">\n<p>\u00c9abha, M\u00e1ir\u00e9ad, Susan. Fiddle Tara.<\/p>\n<\/div>\n<\/div>\n<\/td>\n<\/tr>\n<tr>\n<td>\n<div class=\"layoutArea\">\n<div class=\"column\">\n<p>11. The Christmas Song<\/p>\n<\/div>\n<\/div>\n<\/td>\n<td>\n<div class=\"layoutArea\">\n<div class=\"column\">\n<p>Lisa Kelly<\/p>\n<\/div>\n<\/div>\n<\/td>\n<\/tr>\n<tr>\n<td>\n<div class=\"layoutArea\">\n<div class=\"column\">\n<p>12. Let It Snow!<\/p>\n<\/div>\n<\/div>\n<\/td>\n<td>\n<div class=\"layoutArea\">\n<div class=\"column\">\n<p>Chloe, Orla, Lisa Kelly, Mairead Nesbitt, M\u00e9av<\/p>\n<\/div>\n<\/div>\n<\/td>\n<\/tr>\n<tr>\n<td>\n<div class=\"layoutArea\">\n<div class=\"column\">\n<p>13. Once in Royal David&#8217;s City<\/p>\n<\/div>\n<\/div>\n<\/td>\n<td>\n<div class=\"layoutArea\">\n<div class=\"column\">\n<p>\u00c9abha, M\u00e1ir\u00e9ad, Susan. Fiddle Tara.<\/p>\n<\/div>\n<\/div>\n<\/td>\n<\/tr>\n<tr>\n<td>\n<div class=\"layoutArea\">\n<div class=\"column\">\n<p>14. Away In A Manger<\/p>\n<\/div>\n<\/div>\n<\/td>\n<td>\n<div class=\"layoutArea\">\n<div class=\"column\">\n<p>Orla Fallon<\/p>\n<\/div>\n<\/div>\n<\/td>\n<\/tr>\n<tr>\n<td>\n<div class=\"layoutArea\">\n<div class=\"column\">\n<p>15. Winter Wonderland<\/p>\n<\/div>\n<\/div>\n<\/td>\n<td>\n<div class=\"layoutArea\">\n<div class=\"column\">\n<p>Chloe, M\u00e9av, Lisa Lambe, Mairead Nesbitt<\/p>\n<\/div>\n<\/div>\n<\/td>\n<\/tr>\n<tr>\n<td>\n<div class=\"layoutArea\">\n<div class=\"column\">\n<p>16. Walking In The Air<\/p>\n<\/div>\n<\/div>\n<\/td>\n<td>\n<div class=\"layoutArea\">\n<div class=\"column\">\n<p>Chloe<\/p>\n<\/div>\n<\/div>\n<\/td>\n<\/tr>\n<tr>\n<td>\n<div class=\"layoutArea\">\n<div class=\"column\">\n<p>17. O Come, All Ye Faithful<\/p>\n<\/div>\n<\/div>\n<\/td>\n<td>\n<div class=\"layoutArea\">\n<div class=\"column\">\n<p>Chloe, Orla, Lisa Kelly, Mairead Nesbitt, M\u00e9av<\/p>\n<\/div>\n<\/div>\n<\/td>\n<\/tr>\n<tr>\n<td>\n<div class=\"layoutArea\">\n<div class=\"column\">\n<p>18. The Little Drummer Boy<\/p>\n<\/div>\n<\/div>\n<\/td>\n<td>\n<div class=\"layoutArea\">\n<div class=\"column\">\n<p>Chloe, Orla, Lisa Kelly, Mairead Nesbitt, M\u00e9av<\/p>\n<\/div>\n<\/div>\n<\/td>\n<\/tr>\n<tr>\n<td>\n<div class=\"layoutArea\">\n<div class=\"column\">\n<p>19. We Wish You A Merry Christmas<\/p>\n<\/div>\n<\/div>\n<\/td>\n<td>\n<div class=\"layoutArea\">\n<div class=\"column\">\n<p>Chloe, M\u00e9av, Lisa Lambe, Mairead Nesbitt<\/p>\n<\/div>\n<\/div>\n<\/td>\n<\/tr>\n<tr>\n<td>\n<div class=\"layoutArea\">\n<div class=\"column\">\n<p>20. Auld Lang Syne<\/p>\n<\/div>\n<\/div>\n<\/td>\n<td>\n<div class=\"layoutArea\">\n<div class=\"column\">\n<p>Lisa Lambe, Chloe, M\u00e9av<\/p>\n<\/div>\n<\/div>\n<\/td>\n<\/tr>\n<\/tbody>\n<\/table>\n<div class=\"section\"><\/div>\n<\/div>\n<h4><\/h4>\n","protected":false},"excerpt":{"rendered":"<p>CELTIC WOMAN THE BEST OF CHRISTMAS 20 TRACK CD. This Beautiful Album Features 20 of Your Favourite Holiday Classics from the original Celtic Woman Principals Chloe, Lisa, Orla, Mairead, M\u00e9av and the Newer Principals Tara, Susan, Lisa &amp; \u00c9abha. A fantastic collection of Celtic Woman Voices. The Celtic Thunder Online Store Guarantees you are buying [&hellip;]\n","protected":false},"featured_media":17275,"template":"","meta":[],"product_brand":[],"product_cat":[21,120],"product_tag":[],"class_list":{"0":"post-17274","1":"product","2":"type-product","3":"status-publish","4":"has-post-thumbnail","6":"product_cat-cds","7":"product_cat-other-artists","8":"product_shipping_class-dvds-ship","10":"first","11":"onbackorder","12":"taxable","13":"shipping-taxable","14":"purchasable","15":"product-type-simple"},"_links":{"self":[{"href":"https:\/\/www.celticthunder.com\/shop\/wp-json\/wp\/v2\/product\/17274","targetHints":{"allow":["GET"]}}],"collection":[{"href":"https:\/\/www.celticthunder.com\/shop\/wp-json\/wp\/v2\/product"}],"about":[{"href":"https:\/\/www.celticthunder.com\/shop\/wp-json\/wp\/v2\/types\/product"}],"wp:featuredmedia":[{"embeddable":true,"href":"https:\/\/www.celticthunder.com\/shop\/wp-json\/wp\/v2\/media\/17275"}],"wp:attachment":[{"href":"https:\/\/www.celticthunder.com\/shop\/wp-json\/wp\/v2\/media?parent=17274"}],"wp:term":[{"taxonomy":"product_brand","embeddable":true,"href":"https:\/\/www.celticthunder.com\/shop\/wp-json\/wp\/v2\/product_brand?post=17274"},{"taxonomy":"product_cat","embeddable":true,"href":"https:\/\/www.celticthunder.com\/shop\/wp-json\/wp\/v2\/product_cat?post=17274"},{"taxonomy":"product_tag","embeddable":true,"href":"https:\/\/www.celticthunder.com\/shop\/wp-json\/wp\/v2\/product_tag?post=17274"}],"curies":[{"name":"wp","href":"https:\/\/api.w.org\/{rel}","templated":true}]}}